{"id":3,"date":"2026-03-17T19:27:30","date_gmt":"2026-03-17T19:27:30","guid":{"rendered":"https:\/\/bakeclub.ch\/?page_id=3"},"modified":"2026-04-07T16:37:51","modified_gmt":"2026-04-07T16:37:51","slug":"datenschutzerklaerung","status":"publish","type":"page","link":"https:\/\/bakeclub.ch\/?page_id=3","title":{"rendered":"Datenschutzerkl\u00e4rung"},"content":{"rendered":"\t\t<div data-elementor-type=\"wp-page\" data-elementor-id=\"3\" class=\"elementor elementor-3\">\n\t\t\t\t<div class=\"elementor-element elementor-element-596eec95 e-con-full e-flex e-con e-parent\" data-id=\"596eec95\" data-element_type=\"container\" data-e-type=\"container\" data-settings=\"{&quot;background_background&quot;:&quot;classic&quot;,&quot;shape_divider_bottom_negative&quot;:&quot;yes&quot;,&quot;shape_divider_bottom&quot;:&quot;drops&quot;}\">\n\t\t\t\t<div class=\"elementor-shape elementor-shape-bottom\" aria-hidden=\"true\" data-negative=\"true\">\n\t\t\t<svg xmlns=\"http:\/\/www.w3.org\/2000\/svg\" height=\"100%\" viewBox=\"0 0 283.5 27.8\" preserveAspectRatio=\"xMidYMax slice\">\n\t<path class=\"elementor-shape-fill\" d=\"M282.7 3.4c-2 3.8-2.2 6.6-1.8 10.8.3 3.3 2 8.5.4 11.6-1.4 2.6-4 2.5-5-.2-1.2-3.4.3-7.6.5-11.1.3-4.3-2.9-6.9-7.4-5.8-3.1.7-4.1 3.3-4.3 6.2-.2 2 1.2 8-.1 9.6-3.1 4.3-2.5-4.5-2.5-5.2.1-4-.1-9.6-4.1-11.6-4.5-2.3-6.1 1-5.5 5 .2 1.4 1.5 10.2-2.7 6.9-2.5-1.9.4-7.5-.9-10.3-.8-1.8-2.6-4.2-4.8-4.1-2.4.1-2.7 2.2-4 3.7-3.3 3.8-2.2-1.2-4.8-2.7-5.5-3.1-2 5.6-2.9 7.3-1.4 2.4-3.1.6-3.3-1.3-.1-1.5.5-3.1.4-4.6-.3-4.3-2.9-5.3-5.2-1.2-3.7 6.7-2.8-1.9-6.5-.4-3 1.1-.9 9.2-.6 11.1.7 4.1-2.2 5.2-2.7.8-.4-3.6 2.8-10.2.8-13.4-2.1-3.3-6.7-.1-7.9 2.4-2.1 4.2-.4 8.7 0 13.1.2 2-.8 8.9-3.8 4.8-3.1-4.3 2.5-11.6.2-16.3-1.1-2.2-5.8-3.5-7.2-1-.8 1.4 1 3.4.3 4.8s-2.2 1.2-2.8-.3c-.8-2.1 2.2-4.8-.1-6.5-1.3-.9-3.5.3-4.9.5-2.4-.1-3.3 0-4.5 2-.7 1.2-.4 3-2.3 2.1-1.9-.8-1.7-4.3-4.1-4.9-2.1-.6-4 1.3-5.1 2.9-.9 1.4-1.3 3-1.3 4.6 0 1.9 1.4 4.2.3 6-2.4 4.2-4.2-2.2-3.8-4.4.5-2.9 2-7.7-2.7-7.5-5.2.3-6.1 5.8-6.4 9.8-.1 1.3 1.5 10.4-2 8.4-1.8-1-.5-7.5-.6-9.1-.1-3.5-1.6-8.3-6.3-7.1-7.6 1.9 2.1 18.2-4.8 18.7-3.7.3-2.3-6.2-2-8.1.5-3.1.5-11.4-5.5-8.5-2.2 1.1-1 2.3-1.3 4.3-.2 1.8-1.3 3.2-2.3.8-1.1-2.5.8-6.7-3.9-6.6-8 .1-.7 16.4-4.8 15.8-2.8-.4-1-9.3-1.3-11.3-.6-3.5-3.5-7.8-7.8-6.9-4.4.9-1.4 6.5-1.4 9.1 0 3.1-3.4 5.9-4.4 1.7-.5-2.2.9-4.4.6-6.6-.3-1.9-1.5-4.1-3.2-5.2-5.3-3.4-4.9 5.2-8.1 4.5-1.4-.3-3-8.1-6.1-4.1-.7.9 2 10.3-2.2 8-2-1.1-.1-6.7-.7-8.9-1.8-6.2-4.7 2.3-6.1 3.1-2.9 1.7-4.6-6.2-6.3-.6-.5 1.7-.4 3.7-.2 5.4.2 1.6 1.5 4.6 1 6.1-.6 1.8-1.7 1.7-2.6.3-1-1.6-.4-4.5-.2-6.2.3-2.5 2.4-8.4-.2-10.3-3.1-2.1-6.8 2.1-7.7 4.5-1.5 4.3.3 8.7.5 13 .1 3.2-3 7.5-4.3 2.4-.6-2.4.2-5.1.6-7.4.4-2.3 1.2-6-.1-8.1-1.2-1.9-5.8-2.7-7-.5-.9 1.6 1.2 5.2-.6 5.6-2.4.6-2-2.3-1.8-3.4.3-1.5 1.1-3.2-.4-4.3-1.2-.9-4.7.3-5.9.5-2.4.5-2.5 1.4-3.6 3.3-1.2 2.1-1.4 1.7-3-.1-1.3-1.5-1.7-3.6-4-3.7-1.8-.1-3.4 1.7-4.2 3-1.4 2.2-1.3 4.1-1 6.5.2 1.4 1 3.8-.5 4.9-3.9 2.9-3.2-4.6-2.9-6.3.8-3.9-.4-8.1-5.4-5.6-3.8 1.9-4.1 6.7-4.1 10.5 0 1.6 1.2 5.8-.1 6.9-.8.7-1.8.3-2.4-.5-1.1-1.5.1-6.7 0-8.5-.1-3.5-.9-6.9-4.9-7.4-3.6-.6-6.7 1.2-6.8 4.9-.1 3.9 2 8.2.6 12-.9 2.4-2.9 2.9-4.6.9-2.4-2.8-.4-9 0-12.3.4-4.2.2-7-1.8-10.8C1.1 2.8.6 2.1 0 1.4v26.4h283.5V2.2c-.3.4-.6.8-.8 1.2z\"\/>\n<\/svg>\t\t<\/div>\n\t\t\t\t<div class=\"elementor-element elementor-element-436bdebb elementor-widget__width-inherit elementor-widget elementor-widget-image\" data-id=\"436bdebb\" data-element_type=\"widget\" data-e-type=\"widget\" data-widget_type=\"image.default\">\n\t\t\t\t\t\t\t\t\t\t\t\t\t\t\t\t<a href=\"http:\/\/bakeclub.ch\">\n\t\t\t\t\t\t\t<img decoding=\"async\" src=\"https:\/\/bake-club-132ee5e.ingress-comporellon.ewp.live\/wp-content\/uploads\/2026\/03\/Bake-Club-2.png\" title=\"\" alt=\"\" loading=\"lazy\" \/>\t\t\t\t\t\t\t\t<\/a>\n\t\t\t\t\t\t\t\t\t\t\t\t\t\t\t<\/div>\n\t\t\t\t<div class=\"elementor-element elementor-element-1b7fbdf9 elementor-widget elementor-widget-spacer\" data-id=\"1b7fbdf9\" data-element_type=\"widget\" data-e-type=\"widget\" data-widget_type=\"spacer.default\">\n\t\t\t\t\t\t\t<div class=\"elementor-spacer\">\n\t\t\t<div class=\"elementor-spacer-inner\"><\/div>\n\t\t<\/div>\n\t\t\t\t\t\t<\/div>\n\t\t\t\t<\/div>\n\t\t<div class=\"elementor-element elementor-element-4dbde7cb e-flex e-con-boxed e-con e-parent\" data-id=\"4dbde7cb\" data-element_type=\"container\" data-e-type=\"container\">\n\t\t\t\t\t<div class=\"e-con-inner\">\n\t\t\t\t<div class=\"elementor-element elementor-element-5fd688dc elementor-widget elementor-widget-text-editor\" data-id=\"5fd688dc\" data-element_type=\"widget\" data-e-type=\"widget\" data-widget_type=\"text-editor.default\">\n\t\t\t\t\t\t\t\t\t<p><strong>Datenschutzerkl\u00e4rung<\/strong><\/p>\n<p>Der Schutz Ihrer pers\u00f6nlichen Daten ist uns wichtig. Diese Website befindet sich aktuell im Aufbau und dient ausschliesslich zur Information \u00fcber unser geplantes Angebot.<\/p>\n<p><strong>1. Erhebung von Daten<\/strong><br \/>Wir erheben personenbezogene Daten nur, wenn Sie uns diese freiwillig mitteilen, \u00fcber die Anmeldung zu Launch-Updates (E-Mail-Adresse).<\/p>\n<p>Zus\u00e4tzlich k\u00f6nnen automatisch technische Daten erfasst werden (z. B. IP-Adresse, Browsertyp), um die Funktion der Website sicherzustellen.<\/p>\n<p><strong>2. Verwendung der Daten<\/strong><br \/>Die erhobenen Daten werden ausschliesslich verwendet, um:<\/p>\n<ul>\n<li>\n<p>Ihre Anfrage zu beantworten<\/p>\n<\/li>\n<li>\n<p>Sie \u00fcber den Start unseres Angebots zu informieren (nur wenn Sie zugestimmt haben)<\/p>\n<\/li>\n<li>\n<p>die Website technisch zu betreiben und zu verbessern<\/p>\n<\/li>\n<\/ul>\n<p><strong>3. Weitergabe an Dritte<\/strong><br \/>Ihre Daten werden nicht verkauft. Eine Weitergabe erfolgt nur, wenn dies technisch notwendig ist (z. B. Hosting-Anbieter oder E-Mail-Dienst).<\/p>\n<p><strong>4. Cookies<\/strong><br \/>Unsere Website verwendet Cookies, um die Funktionalit\u00e4t sicherzustellen und die Nutzung zu analysieren.<\/p>\n<p><strong>5. Datensicherheit<\/strong><br \/>Wir treffen angemessene technische Massnahmen zum Schutz Ihrer Daten.<\/p>\n<p><strong>6. Ihre Rechte<\/strong><br \/>Sie haben das Recht, jederzeit Auskunft \u00fcber Ihre gespeicherten Daten zu erhalten sowie deren Berichtigung oder L\u00f6schung zu verlangen.<\/p>\n<p><strong>7. Kontakt<\/strong><br \/>Bei Fragen zum Datenschutz kontaktieren Sie uns unter:<br \/>info(@)bakeclub.ch<\/p>\n<p><strong>8. \u00c4nderungen<\/strong><br \/>Diese Datenschutzerkl\u00e4rung kann bei Weiterentwicklung unserer Website angepasst werden.<\/p>\t\t\t\t\t\t\t\t<\/div>\n\t\t\t\t\t<\/div>\n\t\t\t\t<\/div>\n\t\t<div class=\"elementor-element elementor-element-342aecc7 e-flex e-con-boxed e-con e-parent\" data-id=\"342aecc7\" data-element_type=\"container\" data-e-type=\"container\">\n\t\t\t\t\t<div class=\"e-con-inner\">\n\t\t\t\t<div class=\"elementor-element elementor-element-77c86b53 elementor-widget-divider--view-line elementor-widget elementor-widget-divider\" data-id=\"77c86b53\" data-element_type=\"widget\" data-e-type=\"widget\" data-widget_type=\"divider.default\">\n\t\t\t\t\t\t\t<div class=\"elementor-divider\">\n\t\t\t<span class=\"elementor-divider-separator\">\n\t\t\t\t\t\t<\/span>\n\t\t<\/div>\n\t\t\t\t\t\t<\/div>\n\t\t\t\t\t<\/div>\n\t\t\t\t<\/div>\n\t\t<div class=\"elementor-element elementor-element-467be458 e-flex e-con-boxed e-con e-parent\" data-id=\"467be458\" data-element_type=\"container\" data-e-type=\"container\" data-settings=\"{&quot;background_background&quot;:&quot;classic&quot;}\">\n\t\t\t\t\t<div class=\"e-con-inner\">\n\t\t<div class=\"elementor-element elementor-element-71ce1764 e-grid e-con-full e-con e-child\" data-id=\"71ce1764\" data-element_type=\"container\" data-e-type=\"container\">\n\t\t\t\t<div class=\"elementor-element elementor-element-26228355 elementor-widget elementor-widget-text-editor\" data-id=\"26228355\" data-element_type=\"widget\" data-e-type=\"widget\" data-widget_type=\"text-editor.default\">\n\t\t\t\t\t\t\t\t\t<p style=\"text-align: center;\"><strong>Bake Club<\/strong><br \/>info (@) bakeclub.ch<br \/>CH-3718 Kandersteg<\/p>\t\t\t\t\t\t\t\t<\/div>\n\t\t\t\t<div class=\"elementor-element elementor-element-7f4acab9 elementor-widget elementor-widget-text-editor\" data-id=\"7f4acab9\" data-element_type=\"widget\" data-e-type=\"widget\" data-widget_type=\"text-editor.default\">\n\t\t\t\t\t\t\t\t\t<div>\u00a0<\/div><div style=\"display: flex; align-items: center; justify-content: center; gap: 10px; color: #5a4a5f; font-size: 16px;\"><span style=\"color: #000000;\"><a href=\"https:\/\/bakeclub.ch\/home\/home_eng\/\">English <\/a><a href=\"https:\/\/bakeclub.ch\/home\/home_eng\/\"><img decoding=\"async\" class=\"alignnone wp-image-201\" src=\"https:\/\/bakeclub.ch\/wp-content\/uploads\/2026\/03\/eng.webp\" alt=\"\" width=\"36\" height=\"16\" \/><\/a><\/span><\/div><div><a href=\"https:\/\/bake-club-132ee5e.ingress-comporellon.ewp.live\/?page_id=3\" target=\"_blank\" rel=\"noopener\">Datenschutz<\/a> & <a href=\"https:\/\/bake-club-132ee5e.ingress-comporellon.ewp.live\/?page_id=441\" target=\"_blank\" rel=\"noopener\">AGB<\/a><\/div>\t\t\t\t\t\t\t\t<\/div>\n\t\t\t\t<\/div>\n\t\t\t\t\t<\/div>\n\t\t\t\t<\/div>\n\t\t\t\t<\/div>\n\t\t","protected":false},"excerpt":{"rendered":"<p>Datenschutzerkl\u00e4rung Der Schutz Ihrer pers\u00f6nlichen Daten ist uns wichtig. Diese Website befindet sich aktuell im Aufbau und dient ausschliesslich zur Information \u00fcber unser geplantes Angebot. 1. Erhebung von DatenWir erheben personenbezogene Daten nur, wenn Sie uns diese freiwillig mitteilen, \u00fcber die Anmeldung zu Launch-Updates (E-Mail-Adresse). Zus\u00e4tzlich k\u00f6nnen automatisch technische Daten erfasst werden (z. B. IP-Adresse, [&hellip;]<\/p>\n","protected":false},"author":1,"featured_media":0,"parent":222,"menu_order":0,"comment_status":"closed","ping_status":"closed","template":"elementor_canvas","meta":{"_crdt_document":"","footnotes":""},"class_list":["post-3","page","type-page","status-publish","hentry"],"_links":{"self":[{"href":"https:\/\/bakeclub.ch\/index.php?rest_route=\/wp\/v2\/pages\/3","targetHints":{"allow":["GET"]}}],"collection":[{"href":"https:\/\/bakeclub.ch\/index.php?rest_route=\/wp\/v2\/pages"}],"about":[{"href":"https:\/\/bakeclub.ch\/index.php?rest_route=\/wp\/v2\/types\/page"}],"author":[{"embeddable":true,"href":"https:\/\/bakeclub.ch\/index.php?rest_route=\/wp\/v2\/users\/1"}],"replies":[{"embeddable":true,"href":"https:\/\/bakeclub.ch\/index.php?rest_route=%2Fwp%2Fv2%2Fcomments&post=3"}],"version-history":[{"count":5,"href":"https:\/\/bakeclub.ch\/index.php?rest_route=\/wp\/v2\/pages\/3\/revisions"}],"predecessor-version":[{"id":806,"href":"https:\/\/bakeclub.ch\/index.php?rest_route=\/wp\/v2\/pages\/3\/revisions\/806"}],"up":[{"embeddable":true,"href":"https:\/\/bakeclub.ch\/index.php?rest_route=\/wp\/v2\/pages\/222"}],"wp:attachment":[{"href":"https:\/\/bakeclub.ch\/index.php?rest_route=%2Fwp%2Fv2%2Fmedia&parent=3"}],"curies":[{"name":"wp","href":"https:\/\/api.w.org\/{rel}","templated":true}]}}